{"id":267,"date":"2018-04-27T15:09:17","date_gmt":"2018-04-27T15:09:17","guid":{"rendered":"http:\/\/das-s-wort.de\/?page_id=267"},"modified":"2019-10-27T08:25:19","modified_gmt":"2019-10-27T08:25:19","slug":"datenschutzerklaerung","status":"publish","type":"page","link":"http:\/\/das-s-wort.de\/?page_id=267","title":{"rendered":"Datenschutzerkl\u00e4rung"},"content":{"rendered":"<p><strong>Ich nehme den Schutz Ihrer Daten ernst<\/strong><\/p>\n<p>Der Schutz Ihrer Privatsph\u00e4re bei der Verarbeitung pers\u00f6nlicher Daten ist f\u00fcr mich ein wichtiges Anliegen. Deshalb begr\u00fc\u00dfe ich ausdr\u00fccklich die Einf\u00fchrung der Datenschutzgrundverordnung (DSGVO). Im Sinne der Verordnung versuche ich so wenige Daten wie m\u00f6glich zu sammeln, um meine Dienstleistungen anbieten zu k\u00f6nnen.<\/p>\n<p>Wenn Sie meine Webseite besuchen, werden die IP Ihres Internet-Service-Providers, die Webseite, von der aus Sie mich besuchen, die Webseiten, die Sie bei mir aufrufen, sowie das Datum und die Dauer des Besuches von meinem\u00a0Webserver standardm\u00e4\u00dfig gespeichert. Diese Informationen sind f\u00fcr die technische \u00dcbertragung der Seiten und den sicheren Serverbetrieb zwingend erforderlich. Eine personalisierte Auswertung dieser Daten erfolgt nicht.<\/p>\n<p>Sofern Sie mir Daten per E-Mail senden, werden diese Daten direkt an mich geschickt. Ihre Daten werden ausschlie\u00dflich zur Bearbeitung Ihres Anliegens verwendet und streng vertraulich behandelt. Eine Weitergabe an Dritte erfolgt nicht.<\/p>\n<p><strong>Verantwortliche Stelle:<\/strong><br \/>\nNicole Huber<br \/>\nM\u00fchlweg 38<br \/>\n91807 Solnhofen<br \/>\nTel. +49 (0) 9145 519 8029<br \/>\nE-Mail:<span class=\"apple-converted-space\">\u00a0<\/span><a>nicole@das-s-wort.de<\/a><br \/>\n<a href=\"http:\/\/www.das-s-wort.de\/\">http:\/\/www.das-s-wort.de<\/a><\/p>\n<p><b>Personenbezogene Daten<\/b><\/p>\n<p>Personenbezogene Daten sind Daten \u00fcber Ihre Person. Diese beinhalten Ihren Namen, Ihre Adresse und Ihre E-Mail-Adresse. Sie m\u00fcssen keine personenbezogenen Daten preisgeben, um meine Internetseite besuchen zu k\u00f6nnen. In einigen F\u00e4llen ben\u00f6tige ich Ihren Namen und Ihre Adresse sowie weitere Informationen, um Ihnen die gew\u00fcnschte Dienstleistung anbieten zu k\u00f6nnen. Das Gleiche gilt, wenn Sie Informationsmaterial w\u00fcnschen oder wenn ich Ihre Anfragen beantworte. In diesen F\u00e4llen werde ich Sie immer darauf hinweisen. Zudem speichere ich nur die Daten, die Sie mir automatisch oder freiwillig \u00fcbermittelt haben.<\/p>\n<p><strong>Automatisch gespeicherte nicht personenbezogene Daten<\/strong><\/p>\n<p>Wenn Sie meine Internetseiten besuchen, werden aus administrativen und technischen Gr\u00fcnden bestimmte Informationen gespeichert. Diese sind: Typ und Version des verwendeten Browsers, Datum und Uhrzeit des Zugriffs, sowie die IP-Adresse.<\/p>\n<p>Diese anonymisierten Daten werden &#8211; getrennt von personenbezogenen Daten &#8211; auf sicheren Systemen innerhalb von Deutschland gespeichert und k\u00f6nnen keinen individuellen Personen zugeordnet werden. Das bedeutet, dass Ihre personenbezogenen Daten jederzeit gesch\u00fctzt bleiben.<\/p>\n<p>Hier einige Fragen und Antworten zum Thema:<\/p>\n<p><strong>Welche Daten der Webseitenbesucher speichert der Provider (1&amp;1)?<\/strong><\/p>\n<p>Es werden folgende Daten von Webseitenbesuchern erhoben, die direkt bei der Erhebung anonymisiert werden:<\/p>\n<ul>\n<li>Referrer (zuvor besuchte Webseite)<\/li>\n<li>Angeforderte Webseite oder Datei<\/li>\n<li>Browsertyp und Browserversion<\/li>\n<li>Verwendetes Betriebssystem<\/li>\n<li>Verwendeter Ger\u00e4tetyp<\/li>\n<li>Uhrzeit des Zugriffs<\/li>\n<li>IP-Adresse in anonymisierter Form (wird nur zur Feststellung des Orts des Zugriffs verwendet)<\/li>\n<li>Zus\u00e4tzlich findet eine Verarbeitung durch 1&amp;1 WebAnalytics statt.<\/li>\n<\/ul>\n<p><strong>Zu welchem Zweck werden die Daten erhoben?<\/strong><\/p>\n<p>Die Daten werden aus berechtigtem Interesse erhoben, um die Sicherheit und Stabilit\u00e4t des Angebots zu gew\u00e4hrleisten und den Webseitenbesuchern ein H\u00f6chstma\u00df an Qualit\u00e4t bereitstellen zu k\u00f6nnen.<\/p>\n<p><strong>Wie lang werden die Besucherdaten gespeichert?<\/strong><\/p>\n<p>Die Daten werden 21 Tage gespeichert.<\/p>\n<p><strong>Werden Besucherdaten an Dritte weitergegeben?<\/strong><\/p>\n<p>Nein, Ihre Daten werden nicht an Dritte weitergegeben.\u00a0Um rechtlich zu versichern, dass der PRovider die Einhaltung der DSGVO gew\u00e4hrleistet wurde ein Vertrag zur Auftragsverarbeitung abgeschlossen.<\/p>\n<p><strong>Findet ein Transfer von Besucherdaten in Drittstaaten au\u00dferhalb der EU statt?<\/strong><\/p>\n<p>Nein, ein Transfer in Drittstaaten findet nicht statt.<\/p>\n<p><strong>Kontaktaufnahme (per E-Mail)<\/strong><\/p>\n<p>Wenn Sie mir eine E-Mail zuschicken, geschieht das im Rahmen des normalen E-Mailverkehrs. Ich bin gesetzlich dazu verpflichtet, Kopien von E-Mails (sowohl eingegangene als auch versandte E-Mails) 6 Jahre lang aufzubewahren. Die von Ihnen im Rahmen des E-Mailverkehrs \u00fcbermittelte Daten werden nur dazu verwendet, um Ihre Frage(n) bzw. Ihr Anliegen zu beantworten. Sie k\u00f6nnen selbstverst\u00e4ndlich eine Kopie des E-Mailverkehrs von mir jederzeit verlangen. S\u00e4mtliche E-Mailverkehr wird auf meinem Rechner in verschl\u00fcsseltem Form gespeichert.<\/p>\n<p><b>Cookies<\/b><\/p>\n<p>Wenn Sie meine Webseite besuchen, werden m\u00f6glicherweise Informationen auf Ihrem Computer in Form von Cookies gespeichert. Cookies sind kleine Dateien, die von meinem Internetserver an Ihren Browser \u00fcbertragen und auf dessen Festplatte gespeichert werden. Hierbei wird lediglich die Internet-Protokoll-Adresse gespeichert \u2013 keine personenbezogenen Daten. Diese Information, die in den Cookies gespeichert wird, erm\u00f6glicht es, Sie bei dem n\u00e4chsten Besuch auf meiner Internetseite automatisch wiederzuerkennen, wodurch Ihnen die Nutzung erleichtert wird.<\/p>\n<p>Nat\u00fcrlich k\u00f6nnen Sie meine Webseite auch besuchen, ohne Cookies zu akzeptieren. Wenn Sie nicht m\u00f6chten, dass Ihr Computer beim n\u00e4chsten Besuch wiedererkannt wird, k\u00f6nnen Sie die Verwendung von Cookies auch ablehnen, indem Sie die Einstellungen in Ihrem Browser entsprechend \u00e4ndern. Wenn Sie die Verwendung von Cookies ablehnen, kann es jedoch zu geringf\u00fcgigen Einschr\u00e4nkungen in der Nutzung meiner Webseite kommen.<\/p>\n<p><b>Links<\/b><\/p>\n<p>Sofern Sie externe Links nutzen, die im Rahmen meiner Webseite angeboten werden, erstreckt sich diese Datenschutzerkl\u00e4rung nicht auf diese Links. Wenn ich Links anbiete, bem\u00fche ich mich sicherzustellen, dass auch diese meine Datenschutz- und Sicherheitsstandards einhalten. Ich habe jedoch keinen Einfluss auf die Einhaltung der Datenschutz- und Sicherheitsbestimmungen durch andere Anbieter. Informieren Sie sich deshalb bitte auf den Internetseiten der anderen Anbieter auch \u00fcber die dort bereitgestellten Datenschutzerkl\u00e4rungen.<\/p>\n<p><b>Keine automatische Daten\u00fcbertragung an Drittanbieter\u00a0<\/b><\/p>\n<p>Diese Webseite verwendet KEINE Webanalysedienste (wie Google Analytics) oder sonstige Dienstleistungen, die Daten an Drittanbieter \u00fcbermitteln. Das hei\u00dft, auf dieser Webseite werden KEINE Daten automatisch an Google, Twitter, Facebook oder sonstige Social-Media-Plattformen \u00fcbertragen.<\/p>\n<p><b>Sicherheit<\/b><\/p>\n<p>Ich habe technische und administrative Sicherheitsvorkehrungen (SSL, Firewall) getroffen, um Ihre personenbezogenen Daten gegen Verlust, Zerst\u00f6rung, Manipulation und unautorisierten Zugriff zu sch\u00fctzen. Meine Sicherheitsvorkehrungen unterliegen dabei einem st\u00e4ndigen Aktualisierungs- und Verbesserungsprozess, und meine Datenschutzerkl\u00e4rung wird st\u00e4ndig \u00fcberarbeitet. Bitte stellen Sie sicher, dass Ihnen die aktuellste Version vorliegt.<\/p>\n<p><b>Betroffenenrechte (Berichtigung\/L\u00f6schung\/\u00dcbertragbarkeit)<\/b><\/p>\n<p>Bitte kontaktieren Sie mich jederzeit, wenn Sie sich dar\u00fcber informieren m\u00f6chten, welche personenbezogenen Daten ich \u00fcber Sie, z.B. im Rahmen der Zusammenarbeit, speichere bzw. wenn Sie diese berichtigen oder l\u00f6schen lassen wollen. Dar\u00fcber hinaus haben Sie das Recht auf Einschr\u00e4nkung der Verarbeitung (Art. 18 DSGVO), ein Widerspruchsrechts gegen die Verarbeitung (Art. 21 DSGVO) sowie das Recht auf Daten\u00fcbertragbarkeit (Art. 20 DSGVO). In diesen F\u00e4llen wenden Sie sich bitte direkt an mich.<b>\u00a0<\/b><\/p>\n<p><b>\u00c4nderungen dieser Datenschutzerkl\u00e4rung<\/b><\/p>\n<p>Ich behalte mir das Recht vor, meine Datenschutzerkl\u00e4rung zu \u00e4ndern, falls dies aufgrund neuer Technologien notwendig sein sollte. Bitte stellen Sie sicher, dass Ihnen die aktuellste Version vorliegt. Werden an dieser Datenschutzerkl\u00e4rung grundlegende \u00c4nderungen vorgenommen, gebe ich diese auf meiner Website bekannt.<\/p>\n<p>Alle Interessenten und Besucher meiner Webseite erreichen mich in Datenschutzfragen unter:<\/p>\n<p>Nicole Huber<br \/>\nM\u00fchlweg 38<br \/>\n91807 Solnhofen<br \/>\nTel. +49 (0) 9145 519 8029<br \/>\nE-Mail:<span class=\"apple-converted-space\">\u00a0<\/span><a>nicole@das-s-wort.de<\/a><br \/>\n<a href=\"http:\/\/www.das-s-wort.de\/\">http:\/\/www.das-s-wort.de<\/a><\/p>\n<p>Sollte ich Ihr Anliegen nicht zu Ihrer Zufriedenheit beantworten k\u00f6nnen, bleibt Ihnen in jedem Falle Ihr Recht auf Beschwerde bei der f\u00fcr Ihr Bundesland zust\u00e4ndigen Datenschutz-Aufsichtsbeh\u00f6rde.<\/p>\n","protected":false},"excerpt":{"rendered":"<p>Ich nehme den Schutz Ihrer Daten ernst Der Schutz Ihrer Privatsph\u00e4re bei der Verarbeitung pers\u00f6nlicher Daten ist f\u00fcr mich ein wichtiges Anliegen. Deshalb begr\u00fc\u00dfe ich ausdr\u00fccklich die Einf\u00fchrung der Datenschutzgrundverordnung (DSGVO). Im Sinne der Verordnung versuche ich so wenige Daten wie m\u00f6glich zu sammeln, um meine Dienstleistungen anbieten zu k\u00f6nnen. Wenn Sie meine Webseite besuchen, [&hellip;]<\/p>\n","protected":false},"author":1,"featured_media":0,"parent":0,"menu_order":0,"comment_status":"closed","ping_status":"closed","template":"","meta":{"footnotes":""},"class_list":["post-267","page","type-page","status-publish","hentry"],"_links":{"self":[{"href":"http:\/\/das-s-wort.de\/index.php?rest_route=\/wp\/v2\/pages\/267","targetHints":{"allow":["GET"]}}],"collection":[{"href":"http:\/\/das-s-wort.de\/index.php?rest_route=\/wp\/v2\/pages"}],"about":[{"href":"http:\/\/das-s-wort.de\/index.php?rest_route=\/wp\/v2\/types\/page"}],"author":[{"embeddable":true,"href":"http:\/\/das-s-wort.de\/index.php?rest_route=\/wp\/v2\/users\/1"}],"replies":[{"embeddable":true,"href":"http:\/\/das-s-wort.de\/index.php?rest_route=%2Fwp%2Fv2%2Fcomments&post=267"}],"version-history":[{"count":6,"href":"http:\/\/das-s-wort.de\/index.php?rest_route=\/wp\/v2\/pages\/267\/revisions"}],"predecessor-version":[{"id":285,"href":"http:\/\/das-s-wort.de\/index.php?rest_route=\/wp\/v2\/pages\/267\/revisions\/285"}],"wp:attachment":[{"href":"http:\/\/das-s-wort.de\/index.php?rest_route=%2Fwp%2Fv2%2Fmedia&parent=267"}],"curies":[{"name":"wp","href":"https:\/\/api.w.org\/{rel}","templated":true}]}}